{"id":71,"date":"2025-05-12T10:30:06","date_gmt":"2025-05-12T10:30:06","guid":{"rendered":"https:\/\/miyagipadel.dk\/?page_id=71"},"modified":"2025-09-08T13:29:42","modified_gmt":"2025-09-08T13:29:42","slug":"udstyr-til-padelspillet","status":"publish","type":"page","link":"https:\/\/miyagipadel.dk\/?page_id=71","title":{"rendered":"Udstyr til padelspillet"},"content":{"rendered":"\n<figure class=\"wp-block-image size-large\"><img loading=\"lazy\" decoding=\"async\" width=\"1024\" height=\"154\" src=\"https:\/\/miyagipadel.dk\/wp-content\/uploads\/2025\/05\/Deviderbilledenetbolde-1024x154.png\" alt=\"\" class=\"wp-image-184\" srcset=\"https:\/\/miyagipadel.dk\/wp-content\/uploads\/2025\/05\/Deviderbilledenetbolde-1024x154.png 1024w, https:\/\/miyagipadel.dk\/wp-content\/uploads\/2025\/05\/Deviderbilledenetbolde-300x45.png 300w, https:\/\/miyagipadel.dk\/wp-content\/uploads\/2025\/05\/Deviderbilledenetbolde-768x115.png 768w, https:\/\/miyagipadel.dk\/wp-content\/uploads\/2025\/05\/Deviderbilledenetbolde-1536x231.png 1536w, https:\/\/miyagipadel.dk\/wp-content\/uploads\/2025\/05\/Deviderbilledenetbolde-2048x308.png 2048w, https:\/\/miyagipadel.dk\/wp-content\/uploads\/2025\/05\/Deviderbilledenetbolde-1920x289.png 1920w\" sizes=\"(max-width: 1024px) 100vw, 1024px\" \/><\/figure>\n\n\n\n<p>Som i alle andre aktiviteter med fysisk aktivitet er der ogs\u00e5 forskelligt udstyr, som skal benyttes og p\u00e5 padelmarkedet er der en meget bred range af leverand\u00f8rer. Jeg vil her pr\u00f8ve at dele lidt ud af mine erfaringer med padeludstyr.<\/p>\n\n\n\n<p>Jeg vil til enhver tid anbefale dig, med mindre du pr\u00e6cis ved hvad du vil have, at konsultere en butik og f\u00e5 den rette vejledning.<\/p>\n\n\n\n<div class=\"wp-block-media-text is-stacked-on-mobile\" style=\"grid-template-columns:35% auto\"><figure class=\"wp-block-media-text__media\"><img loading=\"lazy\" decoding=\"async\" width=\"1024\" height=\"1024\" src=\"https:\/\/miyagipadel.dk\/wp-content\/uploads\/2025\/09\/536289959_10232114086209857_6723370400918799110_n-1024x1024.jpg\" alt=\"\" class=\"wp-image-199 size-full\" srcset=\"https:\/\/miyagipadel.dk\/wp-content\/uploads\/2025\/09\/536289959_10232114086209857_6723370400918799110_n-1024x1024.jpg 1024w, https:\/\/miyagipadel.dk\/wp-content\/uploads\/2025\/09\/536289959_10232114086209857_6723370400918799110_n-300x300.jpg 300w, https:\/\/miyagipadel.dk\/wp-content\/uploads\/2025\/09\/536289959_10232114086209857_6723370400918799110_n-150x150.jpg 150w, https:\/\/miyagipadel.dk\/wp-content\/uploads\/2025\/09\/536289959_10232114086209857_6723370400918799110_n-768x768.jpg 768w, https:\/\/miyagipadel.dk\/wp-content\/uploads\/2025\/09\/536289959_10232114086209857_6723370400918799110_n-230x230.jpg 230w, https:\/\/miyagipadel.dk\/wp-content\/uploads\/2025\/09\/536289959_10232114086209857_6723370400918799110_n.jpg 1080w\" sizes=\"(max-width: 1024px) 100vw, 1024px\" \/><\/figure><div class=\"wp-block-media-text__content\">\n<p><strong>Valg af bat<\/strong><br>N\u00e5r du skal v\u00e6lge dit f\u00f8rste bat med fordel v\u00e6lge et bat i den lidt billigere ende og s\u00f8rg for at du f\u00e5r et bat med en bl\u00f8dere skum og m\u00e5ske endda en slagflade med glasfiber, som giver lidt ekstra hj\u00e6lp.<\/p>\n\n\n\n<p>Er du en bedre spiller, s\u00e5 bliver du mere n\u00f8je med dit valg og derfor har du ogs\u00e5 brug for hj\u00e6lp til at v\u00e6lge dit n\u00e6ste bat. Har du mulighed for at teste bat med nogle slag, s\u00e5 du m\u00e6rker det, kan det v\u00e6re en fordel.<\/p>\n\n\n\n<p>Battets overflade er lavet af forskellige former for carbon og glasfiber, som er med til at give battet forskellige spilleegenskaber. Endvidere er der mellem battets overflader en skum og denne skums egenskaber betyder ogs\u00e5 meget for battets spilleegenskaber ifht. fart, f\u00f8ling, kontrol og comfort.<\/p>\n\n\n\n<p><\/p>\n<\/div><\/div>\n\n\n\n<p><\/p>\n\n\n\n<div class=\"wp-block-media-text is-stacked-on-mobile\" style=\"grid-template-columns:35% auto\"><figure class=\"wp-block-media-text__media\"><img loading=\"lazy\" decoding=\"async\" width=\"160\" height=\"105\" src=\"https:\/\/miyagipadel.dk\/wp-content\/uploads\/2025\/09\/th.jpg\" alt=\"\" class=\"wp-image-206 size-full\"\/><\/figure><div class=\"wp-block-media-text__content\">\n<p><strong>Grip<\/strong><br>Rigtig mange spillere sveder om h\u00e6nderne og derfor har de brug for et godt grip og der findes et stor udvalg p\u00e5 markedet.<\/p>\n\n\n\n<p>Der findes ogs\u00e5 spray og klude som tilf\u00f8rer h\u00e5nd eller greb klister, s\u00e5 spilleren bedre holder fast p\u00e5 battet.<\/p>\n\n\n\n<p>Jeg benytter mig af et tyndt overgrip, som er let at skifte, n\u00e5r det ikke l\u00e6ngere kan give et komfortabelt greb om battet.<\/p>\n<\/div><\/div>\n\n\n\n<p><\/p>\n\n\n\n<div class=\"wp-block-media-text is-stacked-on-mobile\" style=\"grid-template-columns:35% auto\"><figure class=\"wp-block-media-text__media\"><img decoding=\"async\" src=\"https:\/\/www.jnorgaard.dk\/wp-content\/uploads\/2024\/04\/W-sko_RUSHPROACE.jpg\" alt=\"\" class=\"wp-image-1338 size-full\"\/><\/figure><div class=\"wp-block-media-text__content\">\n<p><strong>Sko<\/strong><br>Fodt\u00f8jet er i padel rigtig vigtigt, idet du bev\u00e6ger dig en del rundt p\u00e5 padelbanen med en del retnings\u00e6ndringer. Derfor er det vigtigt, at du har den rigtig st\u00f8tte og den rigtige s\u00e5l, s\u00e5 du st\u00e5r fast p\u00e5 de rigtige tidspunkter.<\/p>\n\n\n\n<p>Padel spilles p\u00e5 kunstgr\u00e6sbaner med sand i, s\u00e5 et par godt brugte l\u00f8besko er ikke de optimale at spille i, da de hverken giver den n\u00f8dvendige st\u00f8tte eller stabilitet.<\/p>\n\n\n\n<p><\/p>\n<\/div><\/div>\n\n\n\n<p><\/p>\n\n\n\n<div class=\"wp-block-media-text is-stacked-on-mobile\" style=\"grid-template-columns:35% auto\"><figure class=\"wp-block-media-text__media\"><img loading=\"lazy\" decoding=\"async\" width=\"600\" height=\"600\" src=\"https:\/\/miyagipadel.dk\/wp-content\/uploads\/2025\/09\/babolat-court-padel-x3-bolde.webp\" alt=\"\" class=\"wp-image-208 size-full\" srcset=\"https:\/\/miyagipadel.dk\/wp-content\/uploads\/2025\/09\/babolat-court-padel-x3-bolde.webp 600w, https:\/\/miyagipadel.dk\/wp-content\/uploads\/2025\/09\/babolat-court-padel-x3-bolde-300x300.webp 300w, https:\/\/miyagipadel.dk\/wp-content\/uploads\/2025\/09\/babolat-court-padel-x3-bolde-150x150.webp 150w, https:\/\/miyagipadel.dk\/wp-content\/uploads\/2025\/09\/babolat-court-padel-x3-bolde-230x230.webp 230w\" sizes=\"(max-width: 600px) 100vw, 600px\" \/><\/figure><div class=\"wp-block-media-text__content\">\n<p><strong>Bolde<\/strong><br>I padel spilles med 3 bolde modsat tennis, hvor man er vant til at spille med 4 bolde.<\/p>\n\n\n\n<p>Boldene findes ogs\u00e5 en lang r\u00e6kke varianter og ikke mindst kvaliteter og v\u00e6r meget obs p\u00e5 at de billigere bolde ofte hopper mindre og ikke mindst holder i kortere tid.<\/p>\n\n\n\n<p>Rigtig mange benytter kun deres bolde 1-2 gange f\u00f8r de skifter dem ud, hvilket h\u00e6nger sammen med duellerne i padel er l\u00e6ngere og indeholder mange flere slag ligesom bolden sl\u00e5s i glas og hegn.<br>Motionister og nyere spillere kan benytte deres bolde adskillige gange.<\/p>\n\n\n\n<p><\/p>\n<\/div><\/div>\n\n\n\n<p><\/p>\n\n\n\n<p><\/p>\n","protected":false},"excerpt":{"rendered":"<p>Som i alle andre aktiviteter med fysisk aktivitet er der ogs\u00e5 forskelligt udstyr, som skal benyttes og p\u00e5 padelmarkedet er der en meget bred range af leverand\u00f8rer. Jeg vil her pr\u00f8ve at dele lidt ud af mine erfaringer med padeludstyr.&hellip; <\/p>\n","protected":false},"author":1,"featured_media":0,"parent":0,"menu_order":0,"comment_status":"closed","ping_status":"closed","template":"","meta":{"saved_in_kubio":false,"footnotes":""},"class_list":["post-71","page","type-page","status-publish","hentry"],"kubio_ai_page_context":{"short_desc":"","purpose":"general"},"_links":{"self":[{"href":"https:\/\/miyagipadel.dk\/index.php?rest_route=\/wp\/v2\/pages\/71","targetHints":{"allow":["GET"]}}],"collection":[{"href":"https:\/\/miyagipadel.dk\/index.php?rest_route=\/wp\/v2\/pages"}],"about":[{"href":"https:\/\/miyagipadel.dk\/index.php?rest_route=\/wp\/v2\/types\/page"}],"author":[{"embeddable":true,"href":"https:\/\/miyagipadel.dk\/index.php?rest_route=\/wp\/v2\/users\/1"}],"replies":[{"embeddable":true,"href":"https:\/\/miyagipadel.dk\/index.php?rest_route=%2Fwp%2Fv2%2Fcomments&post=71"}],"version-history":[{"count":5,"href":"https:\/\/miyagipadel.dk\/index.php?rest_route=\/wp\/v2\/pages\/71\/revisions"}],"predecessor-version":[{"id":209,"href":"https:\/\/miyagipadel.dk\/index.php?rest_route=\/wp\/v2\/pages\/71\/revisions\/209"}],"wp:attachment":[{"href":"https:\/\/miyagipadel.dk\/index.php?rest_route=%2Fwp%2Fv2%2Fmedia&parent=71"}],"curies":[{"name":"wp","href":"https:\/\/api.w.org\/{rel}","templated":true}]}}