{"id":19,"date":"2025-05-11T17:54:28","date_gmt":"2025-05-11T17:54:28","guid":{"rendered":"https:\/\/miyagipadel.dk\/?page_id=19"},"modified":"2025-09-08T13:12:25","modified_gmt":"2025-09-08T13:12:25","slug":"forside-01","status":"publish","type":"page","link":"https:\/\/miyagipadel.dk\/","title":{"rendered":"Velkommen til Miyagi Padel"},"content":{"rendered":"<div class=\"wp-block-image\">\n<figure class=\"alignright size-full is-resized\"><img loading=\"lazy\" decoding=\"async\" width=\"1248\" height=\"1226\" src=\"https:\/\/miyagipadel.dk\/wp-content\/uploads\/2025\/09\/JN-august-2025.jpg\" alt=\"\" class=\"wp-image-198\" style=\"width:319px;height:auto\" srcset=\"https:\/\/miyagipadel.dk\/wp-content\/uploads\/2025\/09\/JN-august-2025.jpg 1248w, https:\/\/miyagipadel.dk\/wp-content\/uploads\/2025\/09\/JN-august-2025-300x295.jpg 300w, https:\/\/miyagipadel.dk\/wp-content\/uploads\/2025\/09\/JN-august-2025-1024x1006.jpg 1024w, https:\/\/miyagipadel.dk\/wp-content\/uploads\/2025\/09\/JN-august-2025-768x754.jpg 768w, https:\/\/miyagipadel.dk\/wp-content\/uploads\/2025\/09\/JN-august-2025-1099x1080.jpg 1099w\" sizes=\"(max-width: 1248px) 100vw, 1248px\" \/><\/figure>\n<\/div>\n\n\n<p>Mit navn er J\u00f8rgen N\u00f8rgaard.<\/p>\n\n\n\n<p>Jeg har fungeret som padeltr\u00e6ner i ca. 5 \u00e5r og har gennemg\u00e5et en del Padel i Danmarks padeltr\u00e6neruddannelse ligesom jeg har en tennistr\u00e6neruddannelse som Diplomtr\u00e6ner.<\/p>\n\n\n\n<p>Jeg har fungeret som tennistr\u00e6ner siden 1983, hvor min tr\u00e6nerkarriere startede i Frederikshavn Tennisklub.<\/p>\n\n\n\n<p>Pt. arbejder jeg i Match Padel Aalborg, hvor jeg har ansvaret for vores Match Padel Academy, tr\u00e6ner for nogle af vores holdspillere, som deltager i Lunar Ligaen samt varetager forskellige sociale spilaktiviteter.<\/p>\n\n\n\n<p>Denne side vil blive udbygget med mine ideer ifht. padel, padeltr\u00e6ning og padelaktiviteter.<\/p>\n\n\n\n<p>Hav lidt t\u00e5lmodighed \ud83d\ude42<\/p>\n","protected":false},"excerpt":{"rendered":"<p>Mit navn er J\u00f8rgen N\u00f8rgaard. Jeg har fungeret som padeltr\u00e6ner i ca. 5 \u00e5r og har gennemg\u00e5et en del Padel i Danmarks padeltr\u00e6neruddannelse ligesom jeg har en tennistr\u00e6neruddannelse som Diplomtr\u00e6ner. Jeg har fungeret som tennistr\u00e6ner siden 1983, hvor min tr\u00e6nerkarriere&hellip; <\/p>\n","protected":false},"author":1,"featured_media":0,"parent":0,"menu_order":0,"comment_status":"closed","ping_status":"closed","template":"","meta":{"saved_in_kubio":false,"footnotes":""},"class_list":["post-19","page","type-page","status-publish","hentry"],"kubio_ai_page_context":{"short_desc":"","purpose":"general"},"_links":{"self":[{"href":"https:\/\/miyagipadel.dk\/index.php?rest_route=\/wp\/v2\/pages\/19","targetHints":{"allow":["GET"]}}],"collection":[{"href":"https:\/\/miyagipadel.dk\/index.php?rest_route=\/wp\/v2\/pages"}],"about":[{"href":"https:\/\/miyagipadel.dk\/index.php?rest_route=\/wp\/v2\/types\/page"}],"author":[{"embeddable":true,"href":"https:\/\/miyagipadel.dk\/index.php?rest_route=\/wp\/v2\/users\/1"}],"replies":[{"embeddable":true,"href":"https:\/\/miyagipadel.dk\/index.php?rest_route=%2Fwp%2Fv2%2Fcomments&post=19"}],"version-history":[{"count":5,"href":"https:\/\/miyagipadel.dk\/index.php?rest_route=\/wp\/v2\/pages\/19\/revisions"}],"predecessor-version":[{"id":201,"href":"https:\/\/miyagipadel.dk\/index.php?rest_route=\/wp\/v2\/pages\/19\/revisions\/201"}],"wp:attachment":[{"href":"https:\/\/miyagipadel.dk\/index.php?rest_route=%2Fwp%2Fv2%2Fmedia&parent=19"}],"curies":[{"name":"wp","href":"https:\/\/api.w.org\/{rel}","templated":true}]}}