{"id":161,"date":"2025-05-13T09:17:56","date_gmt":"2025-05-13T09:17:56","guid":{"rendered":"https:\/\/miyagipadel.dk\/?page_id=161"},"modified":"2025-05-13T09:17:56","modified_gmt":"2025-05-13T09:17:56","slug":"portugal-padel-tour-2024","status":"publish","type":"page","link":"https:\/\/miyagipadel.dk\/?page_id=161","title":{"rendered":"Portugal Padel Tour 2024"},"content":{"rendered":"\n<figure class=\"wp-block-image\"><img decoding=\"async\" src=\"https:\/\/www.jnorgaard.dk\/wp-content\/uploads\/2024\/08\/Team-PPT-2024-1024x767.jpg\" alt=\"\" class=\"wp-image-1523\"\/><\/figure>\n\n\n\n<h2 class=\"wp-block-heading\">Turens indhold<\/h2>\n\n\n\n<p>I uge 43 drager denne flok p\u00e5 tr\u00e6nings- og oplevelsestur til Portugal og sl\u00e5r lejr et natursk\u00f8nt omr\u00e5de i den sydlige del af Portugal.<\/p>\n\n\n\n<p>Turen bliver en blanding af socialt samv\u00e6r toppet med masser af padel med tr\u00e6ning b\u00e5de den medbragte tr\u00e6ner, men ogs\u00e5 af lokale tr\u00e6nere suppleret med internt spil og spil mod lokale spillere.<\/p>\n\n\n\n<figure class=\"wp-block-image\"><img decoding=\"async\" src=\"https:\/\/www.jnorgaard.dk\/wp-content\/uploads\/2024\/08\/PPT2024_Indhold_20240606-edited.jpg\" alt=\"\" class=\"wp-image-1528\"\/><\/figure>\n\n\n\n<h2 class=\"wp-block-heading\">Vores base<\/h2>\n\n\n\n<p>Vi skal bo i den sydlige del af Portugal hos Niclas\u2019 for\u00e6ldre, Rikke og Thomas, som stiller deres bolig til r\u00e5dighed for flokken \ud83d\ude42 Det er vi alle glade for og gl\u00e6der os til samv\u00e6ret og st\u00f8tten.<\/p>\n\n\n\n<figure class=\"wp-block-image\"><img decoding=\"async\" src=\"https:\/\/www.jnorgaard.dk\/wp-content\/uploads\/2024\/08\/TC-bolig-1024x361.png\" alt=\"\" class=\"wp-image-1527\"\/><\/figure>\n\n\n\n<h2 class=\"wp-block-heading\">Sponsorer \u2013 tak til jer!<\/h2>\n\n\n\n<p>Holdet bliver ogs\u00e5 kl\u00e6dt p\u00e5 med st\u00f8tte fra<\/p>\n\n\n\n<div class=\"wp-block-media-text is-stacked-on-mobile\" style=\"grid-template-columns:30% auto\"><figure class=\"wp-block-media-text__media\"><img decoding=\"async\" src=\"https:\/\/www.jnorgaard.dk\/wp-content\/uploads\/2024\/08\/RealPortugueseWine-logo-980x1024.jpg\" alt=\"\" class=\"wp-image-1532 size-full\"\/><\/figure><div class=\"wp-block-media-text__content\">\n<p>real PORTUGUESE wine producerer og forhander en bred vifte af lokale Portugisiske vine.<\/p>\n\n\n\n<p>I anledning af vores tur har vi mulighed for at tilbyde vores venner og bekendte en rabat p\u00e5 k\u00f8b med 10% ved at benytte koden \u201cPadel10\u201d<\/p>\n<\/div><\/div>\n\n\n\n<h1 class=\"wp-block-heading\">What is Real?<\/h1>\n\n\n\n<h5 class=\"wp-block-heading\">Natural, biodynamic, organic, low intervention, low sulfite, and vegan\u2026<br>We will break it down so you know what you need to choose the right wine for you.<\/h5>\n\n\n\n<p>L\u00e6s mere og bestil p\u00e5 deres hjemmeside&nbsp;<a href=\"https:\/\/realportuguesewine.com\/en\/homepage\/#\" target=\"_blank\" rel=\"noreferrer noopener\">her<\/a><\/p>\n\n\n\n<div class=\"wp-block-media-text is-stacked-on-mobile\" style=\"grid-template-columns:30% auto\"><figure class=\"wp-block-media-text__media\"><img decoding=\"async\" src=\"https:\/\/www.jnorgaard.dk\/wp-content\/uploads\/2024\/08\/CONFETTI-DIGITAL-AGENCY-logo.jpg\" alt=\"\" class=\"wp-image-1533 size-full\"\/><\/figure><div class=\"wp-block-media-text__content\">\n<p>Har du brug for hj\u00e6lp til digital markedsf\u00f8ring s\u00e5 kontakt CONFETTI.<\/p>\n\n\n\n<p>L\u00e6s mere p\u00e5 vores hjemmeside\u00a0<a href=\"https:\/\/confetti-agency.com\/about\/\" target=\"_blank\" rel=\"noreferrer noopener\">her<\/a><\/p>\n\n\n\n<p>Great work for great people.<\/p>\n\n\n\n<p>We are a digital marketing agency that begins with a need. We create digital experiences that connect with people like you.<\/p>\n<\/div><\/div>\n\n\n\n<p><\/p>\n\n\n\n<figure class=\"wp-block-image\"><img decoding=\"async\" src=\"https:\/\/www.jnorgaard.dk\/wp-content\/uploads\/2024\/08\/ROLHAS-logo-1024x313.jpg\" alt=\"\" class=\"wp-image-1534\"\/><\/figure>\n\n\n\n<p>L\u00e6s mere om vindistribution&nbsp;<a href=\"https:\/\/www.rolhasvinhos.com\/\">her<\/a><\/p>\n\n\n\n<p>Link til fil fra vores planl\u00e6gningsm\u00f8de 29.9.2024 \u2013&nbsp;<a href=\"https:\/\/www.jnorgaard.dk\/wp-content\/uploads\/2024\/09\/PPT2024_Planlaegning29092024.pdf\" target=\"_blank\" rel=\"noreferrer noopener\">klik her<\/a><\/p>\n","protected":false},"excerpt":{"rendered":"<p>Turens indhold I uge 43 drager denne flok p\u00e5 tr\u00e6nings- og oplevelsestur til Portugal og sl\u00e5r lejr et natursk\u00f8nt omr\u00e5de i den sydlige del af Portugal. Turen bliver en blanding af socialt samv\u00e6r toppet med masser af padel med tr\u00e6ning&hellip; <\/p>\n","protected":false},"author":1,"featured_media":0,"parent":0,"menu_order":0,"comment_status":"closed","ping_status":"closed","template":"","meta":{"saved_in_kubio":false,"footnotes":""},"class_list":["post-161","page","type-page","status-publish","hentry"],"kubio_ai_page_context":{"short_desc":"","purpose":"general"},"_links":{"self":[{"href":"https:\/\/miyagipadel.dk\/index.php?rest_route=\/wp\/v2\/pages\/161","targetHints":{"allow":["GET"]}}],"collection":[{"href":"https:\/\/miyagipadel.dk\/index.php?rest_route=\/wp\/v2\/pages"}],"about":[{"href":"https:\/\/miyagipadel.dk\/index.php?rest_route=\/wp\/v2\/types\/page"}],"author":[{"embeddable":true,"href":"https:\/\/miyagipadel.dk\/index.php?rest_route=\/wp\/v2\/users\/1"}],"replies":[{"embeddable":true,"href":"https:\/\/miyagipadel.dk\/index.php?rest_route=%2Fwp%2Fv2%2Fcomments&post=161"}],"version-history":[{"count":1,"href":"https:\/\/miyagipadel.dk\/index.php?rest_route=\/wp\/v2\/pages\/161\/revisions"}],"predecessor-version":[{"id":162,"href":"https:\/\/miyagipadel.dk\/index.php?rest_route=\/wp\/v2\/pages\/161\/revisions\/162"}],"wp:attachment":[{"href":"https:\/\/miyagipadel.dk\/index.php?rest_route=%2Fwp%2Fv2%2Fmedia&parent=161"}],"curies":[{"name":"wp","href":"https:\/\/api.w.org\/{rel}","templated":true}]}}