{"id":153,"date":"2025-05-13T09:02:58","date_gmt":"2025-05-13T09:02:58","guid":{"rendered":"https:\/\/miyagipadel.dk\/?page_id=153"},"modified":"2025-09-09T11:02:12","modified_gmt":"2025-09-09T11:02:12","slug":"turneringer","status":"publish","type":"page","link":"https:\/\/miyagipadel.dk\/?page_id=153","title":{"rendered":"Turneringer"},"content":{"rendered":"\n<figure class=\"wp-block-image size-full\"><img loading=\"lazy\" decoding=\"async\" width=\"1024\" height=\"320\" src=\"https:\/\/miyagipadel.dk\/wp-content\/uploads\/2025\/09\/Bannerbillede-Turneringer.jpg\" alt=\"\" class=\"wp-image-224\" srcset=\"https:\/\/miyagipadel.dk\/wp-content\/uploads\/2025\/09\/Bannerbillede-Turneringer.jpg 1024w, https:\/\/miyagipadel.dk\/wp-content\/uploads\/2025\/09\/Bannerbillede-Turneringer-300x94.jpg 300w, https:\/\/miyagipadel.dk\/wp-content\/uploads\/2025\/09\/Bannerbillede-Turneringer-768x240.jpg 768w\" sizes=\"(max-width: 1024px) 100vw, 1024px\" \/><\/figure>\n\n\n\n<p>I Danmark har vi to organisationer, som sidder p\u00e5 de officielle turneringer, Dansk Padel Forbund og Padel i Danmark (samarbejde mellem Dansk Tennis Forbund og DGI).<\/p>\n\n\n\n<div class=\"wp-block-media-text is-stacked-on-mobile\" style=\"grid-template-columns:31% auto\"><figure class=\"wp-block-media-text__media\"><img decoding=\"async\" src=\"https:\/\/www.jnorgaard.dk\/wp-content\/uploads\/2024\/04\/Padel_Denmark_Logo-4-1024x1024.png\" alt=\"\" class=\"wp-image-1317 size-full\"\/><\/figure><div class=\"wp-block-media-text__content\">\n<p>Is\u00e6r Dansk Padel Forbund er kommet ud over stepperne og st\u00e5r bag det st\u00f8rste setup med individuelle turneringer p\u00e5 alle niveauer og st\u00e5r bag den rangliste, som benyttes i stor stil via Rankedin, hvor de administreres og tilmelding foreg\u00e5r.<\/p>\n\n\n\n<p>Dansk Padel Forbund st\u00e5r ogs\u00e5 bag verdens st\u00f8rste holdturnering, hvor der spilles i 2 turneringsperioder, for\u00e5r og efter\u00e5r med op- og nedrykning mellem de forskellige r\u00e6kker lige fra Elitedivision til serier\u00e6kker.<\/p>\n\n\n\n<p>Dansk Padel Forbund tilbyder DM i Padel, en en bred vifte af aldersgrupper.<\/p>\n\n\n\n<p>Du kan l\u00e6se meget mere om DPFs turneringstilbud&nbsp;<a href=\"https:\/\/www.danskpadelforbund.dk\/turnering\/\">her<\/a>.<\/p>\n<\/div><\/div>\n\n\n\n<p><\/p>\n\n\n\n<div class=\"wp-block-media-text is-stacked-on-mobile\" style=\"grid-template-columns:32% auto\"><figure class=\"wp-block-media-text__media\"><img decoding=\"async\" src=\"https:\/\/www.jnorgaard.dk\/wp-content\/uploads\/2024\/04\/padelidanmark-logo-01-e1589204443877-1024x474.png\" alt=\"\" class=\"wp-image-1286 size-full\"\/><\/figure><div class=\"wp-block-media-text__content\">\n<p>Padel i Danmark tilbyder ogs\u00e5 en holdturnering, som dog har et v\u00e6sentlig mindre udbredelse ligesom de ogs\u00e5 tilbyder diverse st\u00e6vner af mere social karakter.<\/p>\n\n\n\n<p>Padel i Danmark st\u00e5r som arrang\u00f8r af det officielle DM i Padel, da de er DIF-godkendt.<\/p>\n\n\n\n<p>L\u00e6s mere om Padel i Danmarks tilbud&nbsp;<a href=\"http:\/\/www.padelidanmark.dk\/\">her<\/a>.<\/p>\n<\/div><\/div>\n\n\n\n<p><\/p>\n\n\n\n<div class=\"wp-block-media-text is-stacked-on-mobile\" style=\"grid-template-columns:32% auto\"><figure class=\"wp-block-media-text__media\"><img decoding=\"async\" src=\"https:\/\/www.jnorgaard.dk\/wp-content\/uploads\/2024\/04\/LOGO_TPIV_2024_500x500_FB.jpg\" alt=\"\" class=\"wp-image-1318 size-full\"\/><\/figure><div class=\"wp-block-media-text__content\">\n<p>I Vendsyssel har klubnetv\u00e6rket lavet en lokal holdturnering, som udbydes i b\u00e5de tennis og padel og der udbydes 3 r\u00e6kker; Herrer, Damer og en Mix. I alle r\u00e6kker spilles 4 doubler.<\/p>\n\n\n\n<p>Du kan l\u00e6se mere om holdturneringen&nbsp;<a href=\"https:\/\/www.jnorgaard.dk\/tpn\/tennis-padel-netvaerk-nord-inviterer-til-holdturnering-i-sommeren-2024-i-tennis-og-padel\/\">her<\/a>.<\/p>\n<\/div><\/div>\n\n\n\n<p><\/p>\n","protected":false},"excerpt":{"rendered":"<p>I Danmark har vi to organisationer, som sidder p\u00e5 de officielle turneringer, Dansk Padel Forbund og Padel i Danmark (samarbejde mellem Dansk Tennis Forbund og DGI). Is\u00e6r Dansk Padel Forbund er kommet ud over stepperne og st\u00e5r bag det st\u00f8rste&hellip; <\/p>\n","protected":false},"author":1,"featured_media":0,"parent":0,"menu_order":0,"comment_status":"closed","ping_status":"closed","template":"","meta":{"saved_in_kubio":false,"footnotes":""},"class_list":["post-153","page","type-page","status-publish","hentry"],"kubio_ai_page_context":{"short_desc":"","purpose":"general"},"_links":{"self":[{"href":"https:\/\/miyagipadel.dk\/index.php?rest_route=\/wp\/v2\/pages\/153","targetHints":{"allow":["GET"]}}],"collection":[{"href":"https:\/\/miyagipadel.dk\/index.php?rest_route=\/wp\/v2\/pages"}],"about":[{"href":"https:\/\/miyagipadel.dk\/index.php?rest_route=\/wp\/v2\/types\/page"}],"author":[{"embeddable":true,"href":"https:\/\/miyagipadel.dk\/index.php?rest_route=\/wp\/v2\/users\/1"}],"replies":[{"embeddable":true,"href":"https:\/\/miyagipadel.dk\/index.php?rest_route=%2Fwp%2Fv2%2Fcomments&post=153"}],"version-history":[{"count":3,"href":"https:\/\/miyagipadel.dk\/index.php?rest_route=\/wp\/v2\/pages\/153\/revisions"}],"predecessor-version":[{"id":225,"href":"https:\/\/miyagipadel.dk\/index.php?rest_route=\/wp\/v2\/pages\/153\/revisions\/225"}],"wp:attachment":[{"href":"https:\/\/miyagipadel.dk\/index.php?rest_route=%2Fwp%2Fv2%2Fmedia&parent=153"}],"curies":[{"name":"wp","href":"https:\/\/api.w.org\/{rel}","templated":true}]}}