{"id":151,"date":"2025-05-13T08:59:39","date_gmt":"2025-05-13T08:59:39","guid":{"rendered":"https:\/\/miyagipadel.dk\/?page_id=151"},"modified":"2025-09-09T11:01:18","modified_gmt":"2025-09-09T11:01:18","slug":"traenerudvikling","status":"publish","type":"page","link":"https:\/\/miyagipadel.dk\/?page_id=151","title":{"rendered":"Tr\u00e6nerudvikling"},"content":{"rendered":"\n<figure class=\"wp-block-image size-full\"><img loading=\"lazy\" decoding=\"async\" width=\"1024\" height=\"320\" src=\"https:\/\/miyagipadel.dk\/wp-content\/uploads\/2025\/09\/Bannerbillede-Traenerudvikling.jpg\" alt=\"\" class=\"wp-image-220\" srcset=\"https:\/\/miyagipadel.dk\/wp-content\/uploads\/2025\/09\/Bannerbillede-Traenerudvikling.jpg 1024w, https:\/\/miyagipadel.dk\/wp-content\/uploads\/2025\/09\/Bannerbillede-Traenerudvikling-300x94.jpg 300w, https:\/\/miyagipadel.dk\/wp-content\/uploads\/2025\/09\/Bannerbillede-Traenerudvikling-768x240.jpg 768w\" sizes=\"(max-width: 1024px) 100vw, 1024px\" \/><\/figure>\n\n\n\n<p>For at holde klubbens tr\u00e6nere motiverede og underbygge den udvikling, som \u00f8nskes b\u00e5de hos tr\u00e6nerne, men ogs\u00e5 i klubbens tilbud er det vigtigt, at der l\u00f8bende laves aktiviteter og uddannelsestilbud til klubbens tr\u00e6nere.<\/p>\n\n\n\n<p>Hvilke muligheder ser jeg for at underbygge det, giver jeg mit bud p\u00e5 her:<\/p>\n\n\n\n<p><strong>Tr\u00e6neruddannelse<\/strong>:<br>Den formelle tr\u00e6neruddannelse anser jeg for at v\u00e6re et vigtig fundament og har&nbsp;<a href=\"https:\/\/padelidanmark.dk\/\">Padel i Danmark<\/a>&nbsp;pt. det mest strukturerede tilbud med en grunduddannelse best\u00e5ende af 4 kurser efterfulgt af en Padel Coach-uddannelse.<br>L\u00e6s mere om uddannelsen her:&nbsp;<a href=\"https:\/\/padelidanmark.dk\/uddannelse\/padeltraener\/\">Klik her<\/a><\/p>\n\n\n\n<p><a href=\"https:\/\/www.danskpadelforbund.dk\/\">Dansk Padel Forbund<\/a>&nbsp;har ogs\u00e5 et tilbud om tr\u00e6neruddannelse, men er endnu ikke helt s\u00e5 struktureret, men det arbejdes der h\u00e5rdt p\u00e5 at den bliver. Der er allerede flere gode tilbud til tr\u00e6nere p\u00e5 DPFs hjemmeside.&nbsp;<a href=\"https:\/\/www.danskpadelforbund.dk\/uddannelse\/traeneruddannelse\/\">Klik her<\/a><\/p>\n\n\n\n<p><strong>Tr\u00e6nerworkshop<\/strong><br>Internt i klubben eller sammen med andre klubber kan der etableres workshops.<\/p>\n\n\n\n<p>Med en workshop er tr\u00e6nerne selv med til at definere indholdet, som kan tage afs\u00e6t i et opl\u00e6g fra en af tr\u00e6nerne eller en ekstern tr\u00e6ner, som er indbudt.<\/p>\n\n\n\n<p>En tr\u00e6ner workshop kan have en varighed fra 3-8 timer eller laves som et weekendseminar.<\/p>\n\n\n\n<div class=\"wp-block-media-text is-stacked-on-mobile\" style=\"grid-template-columns:19% auto\"><figure class=\"wp-block-media-text__media\"><img loading=\"lazy\" decoding=\"async\" width=\"461\" height=\"1024\" src=\"https:\/\/miyagipadel.dk\/wp-content\/uploads\/2025\/09\/1000004401-461x1024.jpg\" alt=\"\" class=\"wp-image-200 size-full\" srcset=\"https:\/\/miyagipadel.dk\/wp-content\/uploads\/2025\/09\/1000004401-461x1024.jpg 461w, https:\/\/miyagipadel.dk\/wp-content\/uploads\/2025\/09\/1000004401-135x300.jpg 135w, https:\/\/miyagipadel.dk\/wp-content\/uploads\/2025\/09\/1000004401-768x1707.jpg 768w, https:\/\/miyagipadel.dk\/wp-content\/uploads\/2025\/09\/1000004401-691x1536.jpg 691w, https:\/\/miyagipadel.dk\/wp-content\/uploads\/2025\/09\/1000004401-922x2048.jpg 922w, https:\/\/miyagipadel.dk\/wp-content\/uploads\/2025\/09\/1000004401-486x1080.jpg 486w, https:\/\/miyagipadel.dk\/wp-content\/uploads\/2025\/09\/1000004401-scaled.jpg 1152w\" sizes=\"(max-width: 461px) 100vw, 461px\" \/><\/figure><div class=\"wp-block-media-text__content\">\n<p><strong>Tr\u00e6neren er selv ansvarlig for sin udvikling<\/strong><br>Det er vigtigt at sl\u00e5 fast, at den enkelte tr\u00e6ner selv er ansvarlig for at sikre sin udvikling og dette kan ogs\u00e5 g\u00f8res ved at holde sig i kontakt med andre tr\u00e6nere eller hvis det er muligt at bes\u00f8ge en anden tr\u00e6ner og overv\u00e6re dennes tr\u00e6ning.<\/p>\n\n\n\n<p>Tr\u00e6neren kan ogs\u00e5 bede en anden tr\u00e6ner i klubben om at overv\u00e6re sin tr\u00e6ning og komme med feedback p\u00e5 det tr\u00e6neren ser og oplever. Det kan v\u00e6re givende for begge parter.<\/p>\n<\/div><\/div>\n\n\n\n<p><\/p>\n","protected":false},"excerpt":{"rendered":"<p>For at holde klubbens tr\u00e6nere motiverede og underbygge den udvikling, som \u00f8nskes b\u00e5de hos tr\u00e6nerne, men ogs\u00e5 i klubbens tilbud er det vigtigt, at der l\u00f8bende laves aktiviteter og uddannelsestilbud til klubbens tr\u00e6nere. Hvilke muligheder ser jeg for at underbygge&hellip; <\/p>\n","protected":false},"author":1,"featured_media":0,"parent":0,"menu_order":0,"comment_status":"closed","ping_status":"closed","template":"","meta":{"saved_in_kubio":false,"footnotes":""},"class_list":["post-151","page","type-page","status-publish","hentry"],"kubio_ai_page_context":{"short_desc":"","purpose":"general"},"_links":{"self":[{"href":"https:\/\/miyagipadel.dk\/index.php?rest_route=\/wp\/v2\/pages\/151","targetHints":{"allow":["GET"]}}],"collection":[{"href":"https:\/\/miyagipadel.dk\/index.php?rest_route=\/wp\/v2\/pages"}],"about":[{"href":"https:\/\/miyagipadel.dk\/index.php?rest_route=\/wp\/v2\/types\/page"}],"author":[{"embeddable":true,"href":"https:\/\/miyagipadel.dk\/index.php?rest_route=\/wp\/v2\/users\/1"}],"replies":[{"embeddable":true,"href":"https:\/\/miyagipadel.dk\/index.php?rest_route=%2Fwp%2Fv2%2Fcomments&post=151"}],"version-history":[{"count":3,"href":"https:\/\/miyagipadel.dk\/index.php?rest_route=\/wp\/v2\/pages\/151\/revisions"}],"predecessor-version":[{"id":221,"href":"https:\/\/miyagipadel.dk\/index.php?rest_route=\/wp\/v2\/pages\/151\/revisions\/221"}],"wp:attachment":[{"href":"https:\/\/miyagipadel.dk\/index.php?rest_route=%2Fwp%2Fv2%2Fmedia&parent=151"}],"curies":[{"name":"wp","href":"https:\/\/api.w.org\/{rel}","templated":true}]}}