{"id":142,"date":"2025-05-13T08:50:26","date_gmt":"2025-05-13T08:50:26","guid":{"rendered":"https:\/\/miyagipadel.dk\/?page_id=142"},"modified":"2025-09-08T13:13:48","modified_gmt":"2025-09-08T13:13:48","slug":"links","status":"publish","type":"page","link":"https:\/\/miyagipadel.dk\/?page_id=142","title":{"rendered":"Links"},"content":{"rendered":"\n<div class=\"wp-block-buttons is-layout-flex wp-block-buttons-is-layout-flex\">\n<div class=\"wp-block-button\"><a class=\"wp-block-button__link wp-element-button\">Samarbejdspartnere:<\/a><\/div>\n<\/div>\n\n\n\n<div class=\"wp-block-media-text is-stacked-on-mobile\" style=\"grid-template-columns:36% auto\"><figure class=\"wp-block-media-text__media\"><a href=\"https:\/\/ulsted-autohandel.dk\/\" target=\"_blank\" rel=\" noreferrer noopener\"><img loading=\"lazy\" decoding=\"async\" width=\"300\" height=\"150\" src=\"https:\/\/miyagipadel.dk\/wp-content\/uploads\/2025\/05\/UA-Logo-medlogoer_300x150.png\" alt=\"\" class=\"wp-image-128 size-full\"\/><\/a><\/figure><div class=\"wp-block-media-text__content\">\n<h2 class=\"wp-block-heading\">Ulsted Autohandel A\/S<\/h2>\n\n\n\n<p>Forhandler af Mazda og Suzuki og med et af Danmarks bedste v\u00e6rksteder &#8211; her g\u00e5r du ikke forg\u00e6ves.<\/p>\n<\/div><\/div>\n\n\n\n<div class=\"wp-block-media-text is-stacked-on-mobile\" style=\"grid-template-columns:36% auto\"><figure class=\"wp-block-media-text__media\"><a href=\"https:\/\/realportuguesewine.com\/en\/homepage\/\" target=\"_blank\" rel=\" noreferrer noopener\"><img loading=\"lazy\" decoding=\"async\" width=\"980\" height=\"1024\" src=\"https:\/\/miyagipadel.dk\/wp-content\/uploads\/2025\/05\/RealPortugueseWine-logo-980x1024.jpg\" alt=\"\" class=\"wp-image-191 size-full\" srcset=\"https:\/\/miyagipadel.dk\/wp-content\/uploads\/2025\/05\/RealPortugueseWine-logo-980x1024.jpg 980w, https:\/\/miyagipadel.dk\/wp-content\/uploads\/2025\/05\/RealPortugueseWine-logo-287x300.jpg 287w, https:\/\/miyagipadel.dk\/wp-content\/uploads\/2025\/05\/RealPortugueseWine-logo-768x803.jpg 768w, https:\/\/miyagipadel.dk\/wp-content\/uploads\/2025\/05\/RealPortugueseWine-logo.jpg 1015w\" sizes=\"(max-width: 980px) 100vw, 980px\" \/><\/a><\/figure><div class=\"wp-block-media-text__content\">\n<h2 class=\"wp-block-heading\">Real Portuguese Wine<\/h2>\n\n\n\n<p><strong>What is real?<\/strong><\/p>\n\n\n\n<p>Natural, biodynamic, organic, low intervention, low sulfite, and vegan\u2026<br>We will break it down so you know what you need to choose the right wine for you.<\/p>\n<\/div><\/div>\n\n\n\n<div class=\"wp-block-media-text is-stacked-on-mobile\" style=\"grid-template-columns:36% auto\"><figure class=\"wp-block-media-text__media\"><a href=\"https:\/\/www.lagoastation.com\/\" target=\"_blank\" rel=\" noreferrer noopener\"><img loading=\"lazy\" decoding=\"async\" width=\"721\" height=\"720\" src=\"https:\/\/miyagipadel.dk\/wp-content\/uploads\/2025\/05\/LSDESIGN-Final-Black1.png\" alt=\"\" class=\"wp-image-24 size-full\" srcset=\"https:\/\/miyagipadel.dk\/wp-content\/uploads\/2025\/05\/LSDESIGN-Final-Black1.png 721w, https:\/\/miyagipadel.dk\/wp-content\/uploads\/2025\/05\/LSDESIGN-Final-Black1-300x300.png 300w, https:\/\/miyagipadel.dk\/wp-content\/uploads\/2025\/05\/LSDESIGN-Final-Black1-150x150.png 150w\" sizes=\"(max-width: 721px) 100vw, 721px\" \/><\/a><\/figure><div class=\"wp-block-media-text__content\">\n<h2 class=\"wp-block-heading\">Lagoa STATION<\/h2>\n\n\n\n<p>Stedet hvor du f\u00e5r styret din padelfeber i det sydportugisiske. Du kan spille padel, nyde god mad og forskellige events i et fantastisk center.<\/p>\n\n\n\n<p>Lagoa STATION r\u00e5der ogs\u00e5 over virkeligt dygtige tr\u00e6nere.<\/p>\n\n\n\n<p>Lagoa STATION er gerne behj\u00e6lpelig med gode priser p\u00e5 indkvartering via deres fantastiske samarbejdspartnere.<\/p>\n<\/div><\/div>\n\n\n\n<div class=\"wp-block-media-text is-stacked-on-mobile\" style=\"grid-template-columns:36% auto\"><figure class=\"wp-block-media-text__media\"><a href=\"https:\/\/www.nordjysk-streetfood.dk\/\" target=\"_blank\" rel=\" noreferrer noopener\"><img loading=\"lazy\" decoding=\"async\" width=\"220\" height=\"220\" src=\"https:\/\/miyagipadel.dk\/wp-content\/uploads\/2025\/05\/Nordjysk-Streetfood220.png\" alt=\"\" class=\"wp-image-25 size-full\" srcset=\"https:\/\/miyagipadel.dk\/wp-content\/uploads\/2025\/05\/Nordjysk-Streetfood220.png 220w, https:\/\/miyagipadel.dk\/wp-content\/uploads\/2025\/05\/Nordjysk-Streetfood220-150x150.png 150w\" sizes=\"(max-width: 220px) 100vw, 220px\" \/><\/a><\/figure><div class=\"wp-block-media-text__content\">\n<h2 class=\"wp-block-heading\">NORDJYSK STREETFOOD<\/h2>\n\n\n\n<p>Thomas og hans crew leverer virkeligt l\u00e6kker streetfood fra deres foodtrailer.<\/p>\n\n\n\n<p>De har et bredt og enkelt sortiment og kan h\u00e5ndtere alt fra mindre selskaber til de store festivaller.<\/p>\n\n\n\n<p>Streetfood i topklasse!<\/p>\n<\/div><\/div>\n\n\n\n<figure class=\"wp-block-image size-large\"><img loading=\"lazy\" decoding=\"async\" width=\"1024\" height=\"154\" src=\"https:\/\/miyagipadel.dk\/wp-content\/uploads\/2025\/05\/Deviderbilledenetbolde-1024x154.png\" alt=\"\" class=\"wp-image-184\" srcset=\"https:\/\/miyagipadel.dk\/wp-content\/uploads\/2025\/05\/Deviderbilledenetbolde-1024x154.png 1024w, https:\/\/miyagipadel.dk\/wp-content\/uploads\/2025\/05\/Deviderbilledenetbolde-300x45.png 300w, https:\/\/miyagipadel.dk\/wp-content\/uploads\/2025\/05\/Deviderbilledenetbolde-768x115.png 768w, https:\/\/miyagipadel.dk\/wp-content\/uploads\/2025\/05\/Deviderbilledenetbolde-1536x231.png 1536w, https:\/\/miyagipadel.dk\/wp-content\/uploads\/2025\/05\/Deviderbilledenetbolde-2048x308.png 2048w, https:\/\/miyagipadel.dk\/wp-content\/uploads\/2025\/05\/Deviderbilledenetbolde-1920x289.png 1920w\" sizes=\"(max-width: 1024px) 100vw, 1024px\" \/><\/figure>\n\n\n\n<p><\/p>\n\n\n\n<div class=\"wp-block-buttons is-layout-flex wp-block-buttons-is-layout-flex\">\n<div class=\"wp-block-button\"><a class=\"wp-block-button__link wp-element-button\">Samarbejdsklubber<\/a><\/div>\n<\/div>\n\n\n\n<div class=\"wp-block-media-text is-stacked-on-mobile\" style=\"grid-template-columns:36% auto\"><figure class=\"wp-block-media-text__media\"><a href=\"https:\/\/dronninglundtennisogpadel.dk\" target=\"_blank\" rel=\" noreferrer noopener\"><img loading=\"lazy\" decoding=\"async\" width=\"500\" height=\"500\" src=\"https:\/\/miyagipadel.dk\/wp-content\/uploads\/2025\/05\/DTP-logo2021.png\" alt=\"\" class=\"wp-image-179 size-full\" srcset=\"https:\/\/miyagipadel.dk\/wp-content\/uploads\/2025\/05\/DTP-logo2021.png 500w, https:\/\/miyagipadel.dk\/wp-content\/uploads\/2025\/05\/DTP-logo2021-300x300.png 300w, https:\/\/miyagipadel.dk\/wp-content\/uploads\/2025\/05\/DTP-logo2021-150x150.png 150w, https:\/\/miyagipadel.dk\/wp-content\/uploads\/2025\/05\/DTP-logo2021-230x230.png 230w\" sizes=\"(max-width: 500px) 100vw, 500px\" \/><\/a><\/figure><div class=\"wp-block-media-text__content\">\n<h2 class=\"wp-block-heading\">Dronninglund Tennis &amp; Padel<\/h2>\n\n\n\n<p>Klubben er min prim\u00e6re klub og dermed ogs\u00e5 samarbejdspartner.<\/p>\n\n\n\n<p>Klubben r\u00e5der over 2 padelbaner, 2 r\u00f8dgrus tennisbaner samt 1 kunstgr\u00e6s tennisbane og er beliggende i kanten af Dronninglund Storskov i de mest fantastiske omgivelser.<\/p>\n<\/div><\/div>\n\n\n\n<div class=\"wp-block-media-text is-stacked-on-mobile\" style=\"grid-template-columns:36% auto\"><figure class=\"wp-block-media-text__media\"><a href=\"https:\/\/Skagentennisklub.dk\" target=\"_blank\" rel=\" noreferrer noopener\"><img loading=\"lazy\" decoding=\"async\" width=\"214\" height=\"150\" src=\"https:\/\/miyagipadel.dk\/wp-content\/uploads\/2025\/05\/Skagen-tennis-og-padel-klub-Logo-forslag-160424-NEG-sort-Hjemmeside-60mm.jpg\" alt=\"\" class=\"wp-image-180 size-full\"\/><\/a><\/figure><div class=\"wp-block-media-text__content\">\n<h2 class=\"wp-block-heading\">Skagen Tennis- og Padeklub<\/h2>\n\n\n\n<p>Tennis og padel p\u00e5 toppen er altid fantastisk og jeg bliver inviteret p\u00e5 toppen nogle gange i l\u00f8bet af sommer, hvor jeg har forn\u00f8jelsen af at udfordre deres medlemmer til tematr\u00e6ning i b\u00e5de tennis og padel.<\/p>\n\n\n\n<p>Klubben r\u00e5der over 4 kunstgr\u00e6stennisbaner samt 2 padelbaner.<\/p>\n<\/div><\/div>\n\n\n\n<figure class=\"wp-block-image size-large\"><img loading=\"lazy\" decoding=\"async\" width=\"1024\" height=\"154\" src=\"https:\/\/miyagipadel.dk\/wp-content\/uploads\/2025\/05\/Deviderbilledenetbolde-1024x154.png\" alt=\"\" class=\"wp-image-184\" srcset=\"https:\/\/miyagipadel.dk\/wp-content\/uploads\/2025\/05\/Deviderbilledenetbolde-1024x154.png 1024w, https:\/\/miyagipadel.dk\/wp-content\/uploads\/2025\/05\/Deviderbilledenetbolde-300x45.png 300w, https:\/\/miyagipadel.dk\/wp-content\/uploads\/2025\/05\/Deviderbilledenetbolde-768x115.png 768w, https:\/\/miyagipadel.dk\/wp-content\/uploads\/2025\/05\/Deviderbilledenetbolde-1536x231.png 1536w, https:\/\/miyagipadel.dk\/wp-content\/uploads\/2025\/05\/Deviderbilledenetbolde-2048x308.png 2048w, https:\/\/miyagipadel.dk\/wp-content\/uploads\/2025\/05\/Deviderbilledenetbolde-1920x289.png 1920w\" sizes=\"(max-width: 1024px) 100vw, 1024px\" \/><\/figure>\n\n\n\n<p><\/p>\n\n\n\n<div class=\"wp-block-buttons is-layout-flex wp-block-buttons-is-layout-flex\">\n<div class=\"wp-block-button\"><a class=\"wp-block-button__link wp-element-button\">Andre samarbejdspartnere<\/a><\/div>\n<\/div>\n\n\n\n<div class=\"wp-block-media-text has-media-on-the-right is-stacked-on-mobile\"><div class=\"wp-block-media-text__content\">\n<p>Tennis | Padel Netv\u00e6rk Nord er et f\u00e6llesskab af tennis og padelklubber i Frederikshavn, Hj\u00f8rring, Br\u00f8nderslev samt det nordlige af Aalborg Kommune.<\/p>\n<\/div><figure class=\"wp-block-media-text__media\"><img loading=\"lazy\" decoding=\"async\" width=\"500\" height=\"99\" src=\"https:\/\/miyagipadel.dk\/wp-content\/uploads\/2025\/05\/TPN-navnetraek2025_500.png\" alt=\"\" class=\"wp-image-185 size-full\" srcset=\"https:\/\/miyagipadel.dk\/wp-content\/uploads\/2025\/05\/TPN-navnetraek2025_500.png 500w, https:\/\/miyagipadel.dk\/wp-content\/uploads\/2025\/05\/TPN-navnetraek2025_500-300x59.png 300w\" sizes=\"(max-width: 500px) 100vw, 500px\" \/><\/figure><\/div>\n\n\n\n<p>Klubberne afholder 1-2 \u00e5rlige netv\u00e6rksm\u00f8der, hvor de inspirerer og hj\u00e6lper hinanden samt planl\u00e6gger f\u00e6lles aktiviteter til gavn og gl\u00e6de for deres medlemmer. Bl.a. gennemf\u00f8res en lokal holdturnering i b\u00e5de tennis og padel samt diverse doubletr\u00e6fs. Tidligere har der ogs\u00e5 v\u00e6ret gennemf\u00f8rt tr\u00e6nerkurser mv.<\/p>\n","protected":false},"excerpt":{"rendered":"<p>Ulsted Autohandel A\/S Forhandler af Mazda og Suzuki og med et af Danmarks bedste v\u00e6rksteder &#8211; her g\u00e5r du ikke forg\u00e6ves. Real Portuguese Wine What is real? Natural, biodynamic, organic, low intervention, low sulfite, and vegan\u2026We will break it down&hellip; <\/p>\n","protected":false},"author":1,"featured_media":0,"parent":0,"menu_order":0,"comment_status":"closed","ping_status":"closed","template":"","meta":{"saved_in_kubio":false,"footnotes":""},"class_list":["post-142","page","type-page","status-publish","hentry"],"kubio_ai_page_context":{"short_desc":"","purpose":"general"},"_links":{"self":[{"href":"https:\/\/miyagipadel.dk\/index.php?rest_route=\/wp\/v2\/pages\/142","targetHints":{"allow":["GET"]}}],"collection":[{"href":"https:\/\/miyagipadel.dk\/index.php?rest_route=\/wp\/v2\/pages"}],"about":[{"href":"https:\/\/miyagipadel.dk\/index.php?rest_route=\/wp\/v2\/types\/page"}],"author":[{"embeddable":true,"href":"https:\/\/miyagipadel.dk\/index.php?rest_route=\/wp\/v2\/users\/1"}],"replies":[{"embeddable":true,"href":"https:\/\/miyagipadel.dk\/index.php?rest_route=%2Fwp%2Fv2%2Fcomments&post=142"}],"version-history":[{"count":14,"href":"https:\/\/miyagipadel.dk\/index.php?rest_route=\/wp\/v2\/pages\/142\/revisions"}],"predecessor-version":[{"id":202,"href":"https:\/\/miyagipadel.dk\/index.php?rest_route=\/wp\/v2\/pages\/142\/revisions\/202"}],"wp:attachment":[{"href":"https:\/\/miyagipadel.dk\/index.php?rest_route=%2Fwp%2Fv2%2Fmedia&parent=142"}],"curies":[{"name":"wp","href":"https:\/\/api.w.org\/{rel}","templated":true}]}}